{"id":6,"date":"2024-08-04T17:12:39","date_gmt":"2024-08-04T17:12:39","guid":{"rendered":"https:\/\/www.vlacek-upa.cz\/?page_id=6"},"modified":"2024-08-04T23:42:31","modified_gmt":"2024-08-04T23:42:31","slug":"domu","status":"publish","type":"page","link":"https:\/\/www.vlacek-upa.cz\/","title":{"rendered":"O n\u00e1s"},"content":{"rendered":"\n<h3 class=\"wp-block-heading\">V\u00edtejte na str\u00e1nk\u00e1ch Vl\u00e1\u010dku \u00dap\u00e1\u010dku!<\/h3>\n\n\n\n<p>Objevte kouzlo Mal\u00e9 \u00dapy a jej\u00edch kr\u00e1s s na\u0161\u00edm vl\u00e1\u010dkem! Proj\u00ed\u017e\u010fky s Vl\u00e1\u010dkem \u00dap\u00e1\u010dkem jsou ide\u00e1ln\u00ed pro rodiny s d\u011btmi i seniory, kte\u0159\u00ed cht\u011bj\u00ed za\u017e\u00edt pohodov\u00fd a nezapomenuteln\u00fd v\u00fdlet. N\u00e1\u0161 vl\u00e1\u010dek v\u00e1s provede nejkr\u00e1sn\u011bj\u0161\u00edmi m\u00edsty Mal\u00e9 \u00dapy a nab\u00eddne jedine\u010dn\u00e9 z\u00e1\u017eitky pro v\u0161echny v\u011bkov\u00e9 kategorie. P\u0159ipojte se k n\u00e1m a za\u017eijte den pln\u00fd z\u00e1bavy, pozn\u00e1v\u00e1n\u00ed a kr\u00e1sn\u00e9 p\u0159\u00edrody!<\/p>\n\n\n\n<p><strong>Mal\u00e1 \u00dapa, zasazen\u00e1 v malebn\u00e9m srdci Krkono\u0161, nab\u00edz\u00ed nezapomenuteln\u00e9 z\u00e1\u017eitky a n\u00e1dhern\u00e9 v\u00fdhledy, kter\u00e9 ocen\u00ed v\u0161echny generace. Na\u0161e oblast je pln\u00e1 p\u0159\u00edrodn\u00edch i historick\u00fdch skvost\u016f, kter\u00e9 v\u00e1m zp\u0159\u00edjemn\u00ed v\u00e1\u0161 v\u00fdlet.<\/strong><\/p>\n\n\n\n<p><strong>Za\u010dn\u011bte svou cestu v\u00fdletem na nejvy\u0161\u0161\u00ed horu \u010cesk\u00e9 republiky, Sn\u011b\u017eku. Vl\u00e1\u010dek \u00dap\u00e1\u010dek v\u00e1s pohodln\u011b vyveze a\u017e na za\u010d\u00e1tek obl\u00edben\u00e9 turistick\u00e9 trasy na n\u00e1\u0161 nejvy\u0161\u0161\u00ed vrchol.<\/strong> Pro ty, kte\u0159\u00ed maj\u00ed r\u00e1di historii a architekturu, je zde kr\u00e1sn\u00fd Kostel sv. Petra a Pavla, kde m\u016f\u017eete str\u00e1vit klidn\u00e9 chv\u00edle rozj\u00edm\u00e1n\u00ed.<\/p>\n\n\n\n<p>Nezapome\u0148te ochutnat m\u00edstn\u00ed pivo horal\u016f v pivovaru Trautenberk, kter\u00fd se nach\u00e1z\u00ed v jednom z nejv\u00fd\u0161e polo\u017een\u00fdch pivovar\u016f v \u010cesk\u00e9 republice.<strong> Na\u0161e okru\u017en\u00ed j\u00edzda cel\u00fdm \u00fadol\u00edm v\u00e1m uk\u00e1\u017ee to nejlep\u0161\u00ed z Mal\u00e9 \u00dapy na jeden z\u00e1tah!<\/strong><\/p>\n\n\n\n<p><strong>P\u0159idejte se k n\u00e1m na palubu Vl\u00e1\u010dku \u00dap\u00e1\u010dku a prozkoumejte v\u0161echny tyto \u00fa\u017easn\u00e9 destinace s pohodl\u00edm a radost\u00ed. T\u011b\u0161\u00edme se na va\u0161i n\u00e1v\u0161t\u011bvu!<\/strong><\/p>\n\n\n\n<div class=\"wp-block-buttons is-layout-flex wp-block-buttons-is-layout-flex\">\n<div class=\"wp-block-button\"><a class=\"wp-block-button__link has-vivid-green-cyan-background-color has-background wp-element-button\" href=\"https:\/\/www.vlacek-upa.cz\/?page_id=114\">Rezervuj si m\u00edsto ve vl\u00e1\u010dku nebo objednej rovnou celou skupinu<\/a><\/div>\n<\/div>\n\n\n\n<p><\/p>\n","protected":false},"excerpt":{"rendered":"<p>V\u00edtejte na str\u00e1nk\u00e1ch Vl\u00e1\u010dku \u00dap\u00e1\u010dku! Objevte kouzlo Mal\u00e9 \u00dapy a jej\u00edch kr\u00e1s s na\u0161\u00edm vl\u00e1\u010dkem! Proj\u00ed\u017e\u010fky s Vl\u00e1\u010dkem \u00dap\u00e1\u010dkem jsou ide\u00e1ln\u00ed pro rodiny s d\u011btmi i seniory, kte\u0159\u00ed cht\u011bj\u00ed za\u017e\u00edt &hellip; <\/p>\n","protected":false},"author":1,"featured_media":0,"parent":0,"menu_order":0,"comment_status":"closed","ping_status":"closed","template":"","meta":{"footnotes":""},"class_list":["post-6","page","type-page","status-publish","hentry"],"jetpack_sharing_enabled":true,"_links":{"self":[{"href":"https:\/\/www.vlacek-upa.cz\/index.php?rest_route=\/wp\/v2\/pages\/6","targetHints":{"allow":["GET"]}}],"collection":[{"href":"https:\/\/www.vlacek-upa.cz\/index.php?rest_route=\/wp\/v2\/pages"}],"about":[{"href":"https:\/\/www.vlacek-upa.cz\/index.php?rest_route=\/wp\/v2\/types\/page"}],"author":[{"embeddable":true,"href":"https:\/\/www.vlacek-upa.cz\/index.php?rest_route=\/wp\/v2\/users\/1"}],"replies":[{"embeddable":true,"href":"https:\/\/www.vlacek-upa.cz\/index.php?rest_route=%2Fwp%2Fv2%2Fcomments&post=6"}],"version-history":[{"count":5,"href":"https:\/\/www.vlacek-upa.cz\/index.php?rest_route=\/wp\/v2\/pages\/6\/revisions"}],"predecessor-version":[{"id":123,"href":"https:\/\/www.vlacek-upa.cz\/index.php?rest_route=\/wp\/v2\/pages\/6\/revisions\/123"}],"wp:attachment":[{"href":"https:\/\/www.vlacek-upa.cz\/index.php?rest_route=%2Fwp%2Fv2%2Fmedia&parent=6"}],"curies":[{"name":"wp","href":"https:\/\/api.w.org\/{rel}","templated":true}]}}